{"id":11227,"date":"2024-01-26T08:27:42","date_gmt":"2024-01-26T07:27:42","guid":{"rendered":"http:\/\/novisol.ch\/bulletin-dinformation\/"},"modified":"2024-02-07T07:13:00","modified_gmt":"2024-02-07T06:13:00","slug":"bulletin-dinformation","status":"publish","type":"page","link":"https:\/\/novisol.ch\/fr\/bulletin-dinformation\/","title":{"rendered":"Bulletin d&rsquo;information"},"content":{"rendered":"\t\t<div data-elementor-type=\"wp-page\" data-elementor-id=\"11227\" class=\"elementor elementor-11227 elementor-2032\" data-elementor-post-type=\"page\">\n\t\t\t\t\t\t<section class=\"elementor-section elementor-top-section elementor-element elementor-element-4fab8bb elementor-hidden-tablet elementor-hidden-phone elementor-section-boxed elementor-section-height-default elementor-section-height-default\" data-id=\"4fab8bb\" data-element_type=\"section\">\n\t\t\t\t\t\t<div class=\"elementor-container elementor-column-gap-default\">\n\t\t\t\t\t<div class=\"elementor-column elementor-col-100 elementor-top-column elementor-element elementor-element-125833c\" data-id=\"125833c\" data-element_type=\"column\">\n\t\t\t<div class=\"elementor-widget-wrap elementor-element-populated\">\n\t\t\t\t\t\t<section class=\"elementor-section elementor-inner-section elementor-element elementor-element-6595f07 elementor-section-boxed elementor-section-height-default elementor-section-height-default\" data-id=\"6595f07\" data-element_type=\"section\" data-settings=\"{&quot;background_background&quot;:&quot;classic&quot;}\">\n\t\t\t\t\t\t<div class=\"elementor-container elementor-column-gap-default\">\n\t\t\t\t\t<div class=\"elementor-column elementor-col-100 elementor-inner-column elementor-element elementor-element-2a1668b\" data-id=\"2a1668b\" data-element_type=\"column\">\n\t\t\t<div class=\"elementor-widget-wrap elementor-element-populated\">\n\t\t\t\t\t\t<div class=\"elementor-element elementor-element-4169441 text-left elementor-widget elementor-widget-tp-heading-title\" data-id=\"4169441\" data-element_type=\"widget\" data-widget_type=\"tp-heading-title.default\">\n\t\t\t\t<div class=\"elementor-widget-container\">\n\t\t\t<div class=\"heading heading_style heading_style69d6da83b8d78 style-1 \" ><div class=\"sub-style \"  ><div class=\"sub-heading\"><h3 class=\"heading-sub-title  \"> Inscription <\/h3><\/div><div class=\"head-title \" > <h1  class=\"heading-title   \"   data-hover=\"Bulletin d&#039;information\">Bulletin d'information<span class=\"title-s \">  <\/span><\/h1><\/div><\/div><\/div>\t\t<\/div>\n\t\t\t\t<\/div>\n\t\t\t\t<div class=\"elementor-element elementor-element-68f4d80 elementor-widget elementor-widget-text-editor\" data-id=\"68f4d80\" data-element_type=\"widget\" data-widget_type=\"text-editor.default\">\n\t\t\t\t<div class=\"elementor-widget-container\">\n\t\t\t\t\t\t\t<p>Dans notre newsletter, nous vous informons des derni\u00e8res tendances, des innovations et des nouveaut\u00e9s de NOVISOL. Nous envoyons notre newsletter \u00e0 intervalles r\u00e9guliers. Nous n&rsquo;utilisons vos donn\u00e9es que pour vous envoyer la newsletter. Nous ne transmettons pas vos donn\u00e9es. Pour l&rsquo;envoi, nous utilisons CleverReach. Vous trouverez ici notre d\u00e9claration de protection des donn\u00e9es. Vous pouvez vous d\u00e9sabonner de la newsletter de NOVISOL \u00e0 tout moment et gratuitement.<\/p>\n\t\t\t\t\t\t<\/div>\n\t\t\t\t<\/div>\n\t\t\t\t\t<\/div>\n\t\t<\/div>\n\t\t\t\t\t<\/div>\n\t\t<\/section>\n\t\t\t\t<section class=\"elementor-section elementor-inner-section elementor-element elementor-element-5ab3eaf elementor-section-boxed elementor-section-height-default elementor-section-height-default\" data-id=\"5ab3eaf\" data-element_type=\"section\">\n\t\t\t\t\t\t<div class=\"elementor-container elementor-column-gap-default\">\n\t\t\t\t\t<div class=\"elementor-column elementor-col-50 elementor-inner-column elementor-element elementor-element-1306186\" data-id=\"1306186\" data-element_type=\"column\">\n\t\t\t<div class=\"elementor-widget-wrap elementor-element-populated\">\n\t\t\t\t\t\t<div class=\"elementor-element elementor-element-08299b9 text-left elementor-widget elementor-widget-tp-heading-title\" data-id=\"08299b9\" data-element_type=\"widget\" data-widget_type=\"tp-heading-title.default\">\n\t\t\t\t<div class=\"elementor-widget-container\">\n\t\t\t<div class=\"heading heading_style heading_style69d6da83b9d3a style-1 \" ><div class=\"sub-style \"  ><div class=\"sub-heading\"><h3 class=\"heading-sub-title  \"> Ouvrir une bo\u00eete aux lettres <\/h3><\/div><div class=\"head-title \" > <h2  class=\"heading-title   \"   data-hover=\"1\u00e8re \u00e9tape\">1\u00e8re \u00e9tape<span class=\"title-s \">  <\/span><\/h2><\/div><\/div><\/div>\t\t<\/div>\n\t\t\t\t<\/div>\n\t\t\t\t<div class=\"elementor-element elementor-element-c4d957b elementor-widget elementor-widget-text-editor\" data-id=\"c4d957b\" data-element_type=\"widget\" data-widget_type=\"text-editor.default\">\n\t\t\t\t<div class=\"elementor-widget-container\">\n\t\t\t\t\t\t\t<p>Veuillez ouvrir notre e-mail dans votre bo\u00eete aux lettres \u00e9lectronique.<\/p>\n\t\t\t\t\t\t<\/div>\n\t\t\t\t<\/div>\n\t\t\t\t<div class=\"elementor-element elementor-element-3496c5f text-left elementor-widget elementor-widget-tp-heading-title\" data-id=\"3496c5f\" data-element_type=\"widget\" data-widget_type=\"tp-heading-title.default\">\n\t\t\t\t<div class=\"elementor-widget-container\">\n\t\t\t<div class=\"heading heading_style heading_style69d6da83ba45f style-1 \" ><div class=\"sub-style \"  ><div class=\"sub-heading\"><h3 class=\"heading-sub-title  \"> Confirmer l'e-mail <\/h3><\/div><div class=\"head-title \" > <h2  class=\"heading-title   \"   data-hover=\"2\u00e8me \u00e9tape\">2\u00e8me \u00e9tape<span class=\"title-s \">  <\/span><\/h2><\/div><\/div><\/div>\t\t<\/div>\n\t\t\t\t<\/div>\n\t\t\t\t<div class=\"elementor-element elementor-element-06675de elementor-widget elementor-widget-text-editor\" data-id=\"06675de\" data-element_type=\"widget\" data-widget_type=\"text-editor.default\">\n\t\t\t\t<div class=\"elementor-widget-container\">\n\t\t\t\t\t\t\t<p>Veuillez cliquer sur le lien dans notre e-mail pour confirmer votre adresse e-mail. Remarque : vous pouvez vous d\u00e9sinscrire \u00e0 tout moment d&rsquo;un simple clic de souris. A la fin de chaque e-mail que nous vous envoyons, vous trouverez un lien de d\u00e9sinscription. Si vous ne trouvez pas cet e-mail, veuillez consulter votre dossier de courrier ind\u00e9sirable.<\/p>\n\t\t\t\t\t\t<\/div>\n\t\t\t\t<\/div>\n\t\t\t\t\t<\/div>\n\t\t<\/div>\n\t\t\t\t<div class=\"elementor-column elementor-col-50 elementor-inner-column elementor-element elementor-element-2b94c98\" data-id=\"2b94c98\" data-element_type=\"column\" data-settings=\"{&quot;background_background&quot;:&quot;classic&quot;}\">\n\t\t\t<div class=\"elementor-widget-wrap elementor-element-populated\">\n\t\t\t\t\t\t<div class=\"elementor-element elementor-element-25ab23c elementor-button-align-stretch elementor-widget elementor-widget-form\" data-id=\"25ab23c\" data-element_type=\"widget\" data-settings=\"{&quot;step_next_label&quot;:&quot;Pagination Suivant&quot;,&quot;step_previous_label&quot;:&quot;Previous&quot;,&quot;button_width&quot;:&quot;100&quot;,&quot;step_type&quot;:&quot;number_text&quot;,&quot;step_icon_shape&quot;:&quot;circle&quot;}\" data-widget_type=\"form.default\">\n\t\t\t\t<div class=\"elementor-widget-container\">\n\t\t\t\t\t<form class=\"elementor-form\" method=\"post\" name=\"New Form\">\n\t\t\t<input type=\"hidden\" name=\"post_id\" value=\"11227\"\/>\n\t\t\t<input type=\"hidden\" name=\"form_id\" value=\"25ab23c\"\/>\n\t\t\t<input type=\"hidden\" name=\"referer_title\" value=\"Novisol\" \/>\n\n\t\t\t\n\t\t\t<div class=\"elementor-form-fields-wrapper elementor-labels-above\">\n\t\t\t\t\t\t\t\t<div class=\"elementor-field-type-text elementor-field-group elementor-column elementor-field-group-name elementor-col-100\">\n\t\t\t\t\t\t\t\t\t\t\t\t<label for=\"form-field-name\" class=\"elementor-field-label\">\n\t\t\t\t\t\t\t\tPR\u00c9NOM\t\t\t\t\t\t\t<\/label>\n\t\t\t\t\t\t\t\t\t\t\t\t\t\t<input size=\"1\" type=\"text\" name=\"form_fields[name]\" id=\"form-field-name\" class=\"elementor-field elementor-size-sm  elementor-field-textual\">\n\t\t\t\t\t\t\t\t\t\t\t<\/div>\n\t\t\t\t\t\t\t\t<div class=\"elementor-field-type-text elementor-field-group elementor-column elementor-field-group-field_d2666f4 elementor-col-100\">\n\t\t\t\t\t\t\t\t\t\t\t\t<label for=\"form-field-field_d2666f4\" class=\"elementor-field-label\">\n\t\t\t\t\t\t\t\tNOM DE FAMILLE\t\t\t\t\t\t\t<\/label>\n\t\t\t\t\t\t\t\t\t\t\t\t\t\t<input size=\"1\" type=\"text\" name=\"form_fields[field_d2666f4]\" id=\"form-field-field_d2666f4\" class=\"elementor-field elementor-size-sm  elementor-field-textual\">\n\t\t\t\t\t\t\t\t\t\t\t<\/div>\n\t\t\t\t\t\t\t\t<div class=\"elementor-field-type-email elementor-field-group elementor-column elementor-field-group-email elementor-col-100 elementor-field-required\">\n\t\t\t\t\t\t\t\t\t\t\t\t<label for=\"form-field-email\" class=\"elementor-field-label\">\n\t\t\t\t\t\t\t\tCOURRIEL\t\t\t\t\t\t\t<\/label>\n\t\t\t\t\t\t\t\t\t\t\t\t\t\t<input size=\"1\" type=\"email\" name=\"form_fields[email]\" id=\"form-field-email\" class=\"elementor-field elementor-size-sm  elementor-field-textual\" required=\"required\" aria-required=\"true\">\n\t\t\t\t\t\t\t\t\t\t\t<\/div>\n\t\t\t\t\t\t\t\t<div class=\"elementor-field-group elementor-column elementor-field-type-submit elementor-col-100 e-form__buttons\">\n\t\t\t\t\t<button class=\"elementor-button elementor-size-sm\" type=\"submit\">\n\t\t\t\t\t\t<span class=\"elementor-button-content-wrapper\">\n\t\t\t\t\t\t\t\t\t\t\t\t\t\t\t\t\t\t\t\t\t\t<span class=\"elementor-button-text\">INSCRIVEZ-VOUS<\/span>\n\t\t\t\t\t\t\t\t\t\t\t\t\t<\/span>\n\t\t\t\t\t<\/button>\n\t\t\t\t<\/div>\n\t\t\t<\/div>\n\t\t<\/form>\n\t\t\t\t<\/div>\n\t\t\t\t<\/div>\n\t\t\t\t\t<\/div>\n\t\t<\/div>\n\t\t\t\t\t<\/div>\n\t\t<\/section>\n\t\t\t\t\t<\/div>\n\t\t<\/div>\n\t\t\t\t\t<\/div>\n\t\t<\/section>\n\t\t\t\t<\/div>\n\t\t","protected":false},"excerpt":{"rendered":"<p>Inscription Bulletin d&rsquo;information Dans notre newsletter, nous vous informons des derni\u00e8res tendances, des innovations et des nouveaut\u00e9s de NOVISOL. Nous envoyons notre newsletter \u00e0 intervalles r\u00e9guliers. Nous n&rsquo;utilisons vos donn\u00e9es que pour vous envoyer la newsletter. Nous ne transmettons pas vos donn\u00e9es. Pour l&rsquo;envoi, nous utilisons CleverReach. Vous trouverez ici notre d\u00e9claration de protection des [&hellip;]<\/p>\n","protected":false},"author":2,"featured_media":0,"parent":0,"menu_order":0,"comment_status":"closed","ping_status":"closed","template":"","meta":{"site-sidebar-layout":"no-sidebar","site-content-layout":"page-builder","ast-site-content-layout":"","site-content-style":"default","site-sidebar-style":"default","ast-global-header-display":"","ast-banner-title-visibility":"","ast-main-header-display":"","ast-hfb-above-header-display":"","ast-hfb-below-header-display":"","ast-hfb-mobile-header-display":"","site-post-title":"disabled","ast-breadcrumbs-content":"","ast-featured-img":"disabled","footer-sml-layout":"","theme-transparent-header-meta":"default","adv-header-id-meta":"","stick-header-meta":"","header-above-stick-meta":"","header-main-stick-meta":"","header-below-stick-meta":"","astra-migrate-meta-layouts":"default","ast-page-background-enabled":"default","ast-page-background-meta":{"desktop":{"background-color":"","background-image":"","background-repeat":"repeat","background-position":"center center","background-size":"auto","background-attachment":"scroll","background-type":"","background-media":"","overlay-type":"","overlay-color":"","overlay-opacity":"","overlay-gradient":""},"tablet":{"background-color":"","background-image":"","background-repeat":"repeat","background-position":"center center","background-size":"auto","background-attachment":"scroll","background-type":"","background-media":"","overlay-type":"","overlay-color":"","overlay-opacity":"","overlay-gradient":""},"mobile":{"background-color":"","background-image":"","background-repeat":"repeat","background-position":"center center","background-size":"auto","background-attachment":"scroll","background-type":"","background-media":"","overlay-type":"","overlay-color":"","overlay-opacity":"","overlay-gradient":""}},"ast-content-background-meta":{"desktop":{"background-color":"var(--ast-global-color-5)","background-image":"","background-repeat":"repeat","background-position":"center center","background-size":"auto","background-attachment":"scroll","background-type":"","background-media":"","overlay-type":"","overlay-color":"","overlay-opacity":"","overlay-gradient":""},"tablet":{"background-color":"var(--ast-global-color-5)","background-image":"","background-repeat":"repeat","background-position":"center center","background-size":"auto","background-attachment":"scroll","background-type":"","background-media":"","overlay-type":"","overlay-color":"","overlay-opacity":"","overlay-gradient":""},"mobile":{"background-color":"var(--ast-global-color-5)","background-image":"","background-repeat":"repeat","background-position":"center center","background-size":"auto","background-attachment":"scroll","background-type":"","background-media":"","overlay-type":"","overlay-color":"","overlay-opacity":"","overlay-gradient":""}},"footnotes":""},"class_list":["post-11227","page","type-page","status-publish","hentry"],"yoast_head":"<!-- This site is optimized with the Yoast SEO plugin v23.9 - https:\/\/yoast.com\/wordpress\/plugins\/seo\/ -->\n<title>NOVISOL AG Newsletter : Toutes les tendances en un coup d&#039;\u0153il<\/title>\n<meta name=\"description\" content=\"Nous vous informons r\u00e9guli\u00e8rement sur les tendances et les d\u00e9veloppements technologiques dans les domaines de la protection incendie, de l&#039;isolation &amp; de l&#039;am\u00e9nagement int\u00e9rieur.\" \/>\n<meta name=\"robots\" content=\"index, follow, max-snippet:-1, max-image-preview:large, max-video-preview:-1\" \/>\n<link rel=\"canonical\" href=\"https:\/\/novisol.ch\/fr\/bulletin-dinformation\/\" \/>\n<meta property=\"og:locale\" content=\"fr_FR\" \/>\n<meta property=\"og:type\" content=\"article\" \/>\n<meta property=\"og:title\" content=\"NOVISOL AG Newsletter : Toutes les tendances en un coup d&#039;\u0153il\" \/>\n<meta property=\"og:description\" content=\"Nous vous informons r\u00e9guli\u00e8rement sur les tendances et les d\u00e9veloppements technologiques dans les domaines de la protection incendie, de l&#039;isolation &amp; de l&#039;am\u00e9nagement int\u00e9rieur.\" \/>\n<meta property=\"og:url\" content=\"https:\/\/novisol.ch\/fr\/bulletin-dinformation\/\" \/>\n<meta property=\"og:site_name\" content=\"Novisol\" \/>\n<meta property=\"article:modified_time\" content=\"2024-02-07T06:13:00+00:00\" \/>\n<meta name=\"twitter:card\" content=\"summary_large_image\" \/>\n<meta name=\"twitter:label1\" content=\"Dur\u00e9e de lecture estim\u00e9e\" \/>\n\t<meta name=\"twitter:data1\" content=\"1 minute\" \/>\n<script type=\"application\/ld+json\" class=\"yoast-schema-graph\">{\"@context\":\"https:\/\/schema.org\",\"@graph\":[{\"@type\":\"WebPage\",\"@id\":\"https:\/\/novisol.ch\/fr\/bulletin-dinformation\/\",\"url\":\"https:\/\/novisol.ch\/fr\/bulletin-dinformation\/\",\"name\":\"NOVISOL AG Newsletter : Toutes les tendances en un coup d'\u0153il\",\"isPartOf\":{\"@id\":\"http:\/\/novisol.ch\/fr\/#website\"},\"datePublished\":\"2024-01-26T07:27:42+00:00\",\"dateModified\":\"2024-02-07T06:13:00+00:00\",\"description\":\"Nous vous informons r\u00e9guli\u00e8rement sur les tendances et les d\u00e9veloppements technologiques dans les domaines de la protection incendie, de l'isolation & de l'am\u00e9nagement int\u00e9rieur.\",\"breadcrumb\":{\"@id\":\"https:\/\/novisol.ch\/fr\/bulletin-dinformation\/#breadcrumb\"},\"inLanguage\":\"fr-FR\",\"potentialAction\":[{\"@type\":\"ReadAction\",\"target\":[\"https:\/\/novisol.ch\/fr\/bulletin-dinformation\/\"]}]},{\"@type\":\"BreadcrumbList\",\"@id\":\"https:\/\/novisol.ch\/fr\/bulletin-dinformation\/#breadcrumb\",\"itemListElement\":[{\"@type\":\"ListItem\",\"position\":1,\"name\":\"Accueil\",\"item\":\"http:\/\/novisol.ch\/fr\/\"},{\"@type\":\"ListItem\",\"position\":2,\"name\":\"Bulletin d&rsquo;information\"}]},{\"@type\":\"WebSite\",\"@id\":\"http:\/\/novisol.ch\/fr\/#website\",\"url\":\"http:\/\/novisol.ch\/fr\/\",\"name\":\"Novisol\",\"description\":\"\",\"publisher\":{\"@id\":\"http:\/\/novisol.ch\/fr\/#organization\"},\"potentialAction\":[{\"@type\":\"SearchAction\",\"target\":{\"@type\":\"EntryPoint\",\"urlTemplate\":\"http:\/\/novisol.ch\/fr\/?s={search_term_string}\"},\"query-input\":{\"@type\":\"PropertyValueSpecification\",\"valueRequired\":true,\"valueName\":\"search_term_string\"}}],\"inLanguage\":\"fr-FR\"},{\"@type\":\"Organization\",\"@id\":\"http:\/\/novisol.ch\/fr\/#organization\",\"name\":\"Novisol\",\"url\":\"http:\/\/novisol.ch\/fr\/\",\"logo\":{\"@type\":\"ImageObject\",\"inLanguage\":\"fr-FR\",\"@id\":\"http:\/\/novisol.ch\/fr\/#\/schema\/logo\/image\/\",\"url\":\"https:\/\/novisol.ch\/wp-content\/uploads\/2020\/11\/cropped-Logo_Final-01.png\",\"contentUrl\":\"https:\/\/novisol.ch\/wp-content\/uploads\/2020\/11\/cropped-Logo_Final-01.png\",\"width\":514,\"height\":199,\"caption\":\"Novisol\"},\"image\":{\"@id\":\"http:\/\/novisol.ch\/fr\/#\/schema\/logo\/image\/\"},\"sameAs\":[\"https:\/\/www.linkedin.com\/company\/novisol-gruppe\/?originalSubdomain=de\"]}]}<\/script>\n<!-- \/ Yoast SEO plugin. -->","yoast_head_json":{"title":"NOVISOL AG Newsletter : Toutes les tendances en un coup d'\u0153il","description":"Nous vous informons r\u00e9guli\u00e8rement sur les tendances et les d\u00e9veloppements technologiques dans les domaines de la protection incendie, de l'isolation & de l'am\u00e9nagement int\u00e9rieur.","robots":{"index":"index","follow":"follow","max-snippet":"max-snippet:-1","max-image-preview":"max-image-preview:large","max-video-preview":"max-video-preview:-1"},"canonical":"https:\/\/novisol.ch\/fr\/bulletin-dinformation\/","og_locale":"fr_FR","og_type":"article","og_title":"NOVISOL AG Newsletter : Toutes les tendances en un coup d'\u0153il","og_description":"Nous vous informons r\u00e9guli\u00e8rement sur les tendances et les d\u00e9veloppements technologiques dans les domaines de la protection incendie, de l'isolation & de l'am\u00e9nagement int\u00e9rieur.","og_url":"https:\/\/novisol.ch\/fr\/bulletin-dinformation\/","og_site_name":"Novisol","article_modified_time":"2024-02-07T06:13:00+00:00","twitter_card":"summary_large_image","twitter_misc":{"Dur\u00e9e de lecture estim\u00e9e":"1 minute"},"schema":{"@context":"https:\/\/schema.org","@graph":[{"@type":"WebPage","@id":"https:\/\/novisol.ch\/fr\/bulletin-dinformation\/","url":"https:\/\/novisol.ch\/fr\/bulletin-dinformation\/","name":"NOVISOL AG Newsletter : Toutes les tendances en un coup d'\u0153il","isPartOf":{"@id":"http:\/\/novisol.ch\/fr\/#website"},"datePublished":"2024-01-26T07:27:42+00:00","dateModified":"2024-02-07T06:13:00+00:00","description":"Nous vous informons r\u00e9guli\u00e8rement sur les tendances et les d\u00e9veloppements technologiques dans les domaines de la protection incendie, de l'isolation & de l'am\u00e9nagement int\u00e9rieur.","breadcrumb":{"@id":"https:\/\/novisol.ch\/fr\/bulletin-dinformation\/#breadcrumb"},"inLanguage":"fr-FR","potentialAction":[{"@type":"ReadAction","target":["https:\/\/novisol.ch\/fr\/bulletin-dinformation\/"]}]},{"@type":"BreadcrumbList","@id":"https:\/\/novisol.ch\/fr\/bulletin-dinformation\/#breadcrumb","itemListElement":[{"@type":"ListItem","position":1,"name":"Accueil","item":"http:\/\/novisol.ch\/fr\/"},{"@type":"ListItem","position":2,"name":"Bulletin d&rsquo;information"}]},{"@type":"WebSite","@id":"http:\/\/novisol.ch\/fr\/#website","url":"http:\/\/novisol.ch\/fr\/","name":"Novisol","description":"","publisher":{"@id":"http:\/\/novisol.ch\/fr\/#organization"},"potentialAction":[{"@type":"SearchAction","target":{"@type":"EntryPoint","urlTemplate":"http:\/\/novisol.ch\/fr\/?s={search_term_string}"},"query-input":{"@type":"PropertyValueSpecification","valueRequired":true,"valueName":"search_term_string"}}],"inLanguage":"fr-FR"},{"@type":"Organization","@id":"http:\/\/novisol.ch\/fr\/#organization","name":"Novisol","url":"http:\/\/novisol.ch\/fr\/","logo":{"@type":"ImageObject","inLanguage":"fr-FR","@id":"http:\/\/novisol.ch\/fr\/#\/schema\/logo\/image\/","url":"https:\/\/novisol.ch\/wp-content\/uploads\/2020\/11\/cropped-Logo_Final-01.png","contentUrl":"https:\/\/novisol.ch\/wp-content\/uploads\/2020\/11\/cropped-Logo_Final-01.png","width":514,"height":199,"caption":"Novisol"},"image":{"@id":"http:\/\/novisol.ch\/fr\/#\/schema\/logo\/image\/"},"sameAs":["https:\/\/www.linkedin.com\/company\/novisol-gruppe\/?originalSubdomain=de"]}]}},"_links":{"self":[{"href":"https:\/\/novisol.ch\/fr\/wp-json\/wp\/v2\/pages\/11227","targetHints":{"allow":["GET"]}}],"collection":[{"href":"https:\/\/novisol.ch\/fr\/wp-json\/wp\/v2\/pages"}],"about":[{"href":"https:\/\/novisol.ch\/fr\/wp-json\/wp\/v2\/types\/page"}],"author":[{"embeddable":true,"href":"https:\/\/novisol.ch\/fr\/wp-json\/wp\/v2\/users\/2"}],"replies":[{"embeddable":true,"href":"https:\/\/novisol.ch\/fr\/wp-json\/wp\/v2\/comments?post=11227"}],"version-history":[{"count":0,"href":"https:\/\/novisol.ch\/fr\/wp-json\/wp\/v2\/pages\/11227\/revisions"}],"wp:attachment":[{"href":"https:\/\/novisol.ch\/fr\/wp-json\/wp\/v2\/media?parent=11227"}],"curies":[{"name":"wp","href":"https:\/\/api.w.org\/{rel}","templated":true}]}}